{"id":44824,"date":"2025-11-10T11:09:24","date_gmt":"2025-11-10T16:09:24","guid":{"rendered":"https:\/\/jackfield.ca\/product\/j10665jc\/"},"modified":"2025-11-10T11:59:54","modified_gmt":"2025-11-10T16:59:54","slug":"j10665jc","status":"publish","type":"product","link":"https:\/\/jackfield.ca\/en\/product\/j10665jc\/","title":{"rendered":"LONG SLEEVES POLYESTER T-SHIRT"},"content":{"rendered":"","protected":false},"excerpt":{"rendered":"<ul>\n<li>Interlock 100% polyester, 140 GSM<\/li>\n<li>Tissu l\u00e9ger et respirant, UPF 50, extensible dans les 4 sens<\/li>\n<li>Coupe r\u00e9guli\u00e8re<\/li>\n<li>Encolure ronde<\/li>\n<li>Poche \u00e0 la poitrine<\/li>\n<\/ul>\n<p>&nbsp;<\/p>\n","protected":false},"featured_media":44821,"template":"","meta":{"_acf_changed":false},"product_brand":[],"product_cat":[2646,2414,1926,1938,1928,1950,2130,1932,1940,2084],"product_tag":[],"class_list":{"0":"post-44824","1":"product","2":"type-product","3":"status-publish","4":"has-post-thumbnail","6":"product_cat-sweaters-workwear","7":"product_cat-premium-en","8":"product_cat-workwear","9":"product_cat-clothing","10":"product_cat-sports-en","11":"product_cat-clothing-sports","12":"product_cat-t-shirts-sports","13":"product_cat-hunting","14":"product_cat-clothing-en","15":"product_cat-sweater-hoodie","16":"pa_couleur-3e-blue-en","17":"pa_couleur-48-black-en","18":"pa_grandeur-20-s-en","19":"pa_grandeur-da-m-en","20":"pa_grandeur-ad-l-en","21":"pa_grandeur-4c-xl-en","23":"first","24":"outofstock","25":"taxable","26":"shipping-taxable","27":"product-type-variable","28":"has-default-attributes"},"group_of_quantity":0,"min_quantity":0,"max_quantity":"","exclude_order_quantity_value_rules":"no","exclude_category_quantity_rules":"no","combine_variations":"no","acf":[],"gallery_images":[44823],"yoast_head":"<!-- This site is optimized with the Yoast SEO plugin v27.3 - https:\/\/yoast.com\/product\/yoast-seo-wordpress\/ -->\n<title>LONG SLEEVES POLYESTER T-SHIRT - Jackfield<\/title>\n<meta name=\"robots\" content=\"index, follow, max-snippet:-1, max-image-preview:large, max-video-preview:-1\" \/>\n<link rel=\"canonical\" href=\"https:\/\/jackfield.ca\/en\/product\/j10665jc\/\" \/>\n<meta property=\"og:locale\" content=\"en_US\" \/>\n<meta property=\"og:type\" content=\"article\" \/>\n<meta property=\"og:title\" content=\"LONG SLEEVES POLYESTER T-SHIRT - Jackfield\" \/>\n<meta property=\"og:description\" content=\"Interlock 100% polyester, 140 GSM  Tissu l\u00e9ger et respirant, UPF 50, extensible dans les 4 sens  Coupe r\u00e9guli\u00e8re  Encolure ronde  Poche \u00e0 la poitrine  &nbsp;\" \/>\n<meta property=\"og:url\" content=\"https:\/\/jackfield.ca\/en\/product\/j10665jc\/\" \/>\n<meta property=\"og:site_name\" content=\"Jackfield\" \/>\n<meta property=\"article:modified_time\" content=\"2025-11-10T16:59:54+00:00\" \/>\n<meta property=\"og:image\" content=\"https:\/\/jackfield.ca\/wp-content\/uploads\/2025\/11\/J10665JC-Bleu-dev-scaled.jpg\" \/>\n\t<meta property=\"og:image:width\" content=\"2560\" \/>\n\t<meta property=\"og:image:height\" content=\"2560\" \/>\n\t<meta property=\"og:image:type\" content=\"image\/jpeg\" \/>\n<meta name=\"twitter:card\" content=\"summary_large_image\" \/>\n<meta name=\"twitter:label1\" content=\"Est. reading time\" \/>\n\t<meta name=\"twitter:data1\" content=\"1 minute\" \/>\n<script type=\"application\/ld+json\" class=\"yoast-schema-graph\">{\"@context\":\"https:\\\/\\\/schema.org\",\"@graph\":[{\"@type\":\"WebPage\",\"@id\":\"https:\\\/\\\/jackfield.ca\\\/en\\\/product\\\/j10665jc\\\/\",\"url\":\"https:\\\/\\\/jackfield.ca\\\/en\\\/product\\\/j10665jc\\\/\",\"name\":\"LONG SLEEVES POLYESTER T-SHIRT - Jackfield\",\"isPartOf\":{\"@id\":\"https:\\\/\\\/jackfield.ca\\\/en\\\/#website\"},\"primaryImageOfPage\":{\"@id\":\"https:\\\/\\\/jackfield.ca\\\/en\\\/product\\\/j10665jc\\\/#primaryimage\"},\"image\":{\"@id\":\"https:\\\/\\\/jackfield.ca\\\/en\\\/product\\\/j10665jc\\\/#primaryimage\"},\"thumbnailUrl\":\"https:\\\/\\\/jackfield.ca\\\/wp-content\\\/uploads\\\/2025\\\/11\\\/J10665JC-Bleu-dev-scaled.jpg\",\"datePublished\":\"2025-11-10T16:09:24+00:00\",\"dateModified\":\"2025-11-10T16:59:54+00:00\",\"breadcrumb\":{\"@id\":\"https:\\\/\\\/jackfield.ca\\\/en\\\/product\\\/j10665jc\\\/#breadcrumb\"},\"inLanguage\":\"en-US\",\"potentialAction\":[{\"@type\":\"ReadAction\",\"target\":[\"https:\\\/\\\/jackfield.ca\\\/en\\\/product\\\/j10665jc\\\/\"]}]},{\"@type\":\"ImageObject\",\"inLanguage\":\"en-US\",\"@id\":\"https:\\\/\\\/jackfield.ca\\\/en\\\/product\\\/j10665jc\\\/#primaryimage\",\"url\":\"https:\\\/\\\/jackfield.ca\\\/wp-content\\\/uploads\\\/2025\\\/11\\\/J10665JC-Bleu-dev-scaled.jpg\",\"contentUrl\":\"https:\\\/\\\/jackfield.ca\\\/wp-content\\\/uploads\\\/2025\\\/11\\\/J10665JC-Bleu-dev-scaled.jpg\",\"width\":2560,\"height\":2560},{\"@type\":\"BreadcrumbList\",\"@id\":\"https:\\\/\\\/jackfield.ca\\\/en\\\/product\\\/j10665jc\\\/#breadcrumb\",\"itemListElement\":[{\"@type\":\"ListItem\",\"position\":1,\"name\":\"Accueil\",\"item\":\"https:\\\/\\\/jackfield.ca\\\/en\\\/\"},{\"@type\":\"ListItem\",\"position\":2,\"name\":\"Shop\",\"item\":\"https:\\\/\\\/jackfield.ca\\\/en\\\/shop\\\/\"},{\"@type\":\"ListItem\",\"position\":3,\"name\":\"LONG SLEEVES POLYESTER T-SHIRT\"}]},{\"@type\":\"WebSite\",\"@id\":\"https:\\\/\\\/jackfield.ca\\\/en\\\/#website\",\"url\":\"https:\\\/\\\/jackfield.ca\\\/en\\\/\",\"name\":\"Jackfield\",\"description\":\"\",\"potentialAction\":[{\"@type\":\"SearchAction\",\"target\":{\"@type\":\"EntryPoint\",\"urlTemplate\":\"https:\\\/\\\/jackfield.ca\\\/en\\\/?s={search_term_string}\"},\"query-input\":{\"@type\":\"PropertyValueSpecification\",\"valueRequired\":true,\"valueName\":\"search_term_string\"}}],\"inLanguage\":\"en-US\"}]}<\/script>\n<!-- \/ Yoast SEO plugin. -->","yoast_head_json":{"title":"LONG SLEEVES POLYESTER T-SHIRT - Jackfield","robots":{"index":"index","follow":"follow","max-snippet":"max-snippet:-1","max-image-preview":"max-image-preview:large","max-video-preview":"max-video-preview:-1"},"canonical":"https:\/\/jackfield.ca\/en\/product\/j10665jc\/","og_locale":"en_US","og_type":"article","og_title":"LONG SLEEVES POLYESTER T-SHIRT - Jackfield","og_description":"Interlock 100% polyester, 140 GSM  Tissu l\u00e9ger et respirant, UPF 50, extensible dans les 4 sens  Coupe r\u00e9guli\u00e8re  Encolure ronde  Poche \u00e0 la poitrine  &nbsp;","og_url":"https:\/\/jackfield.ca\/en\/product\/j10665jc\/","og_site_name":"Jackfield","article_modified_time":"2025-11-10T16:59:54+00:00","og_image":[{"width":2560,"height":2560,"url":"https:\/\/jackfield.ca\/wp-content\/uploads\/2025\/11\/J10665JC-Bleu-dev-scaled.jpg","type":"image\/jpeg"}],"twitter_card":"summary_large_image","twitter_misc":{"Est. reading time":"1 minute"},"schema":{"@context":"https:\/\/schema.org","@graph":[{"@type":"WebPage","@id":"https:\/\/jackfield.ca\/en\/product\/j10665jc\/","url":"https:\/\/jackfield.ca\/en\/product\/j10665jc\/","name":"LONG SLEEVES POLYESTER T-SHIRT - Jackfield","isPartOf":{"@id":"https:\/\/jackfield.ca\/en\/#website"},"primaryImageOfPage":{"@id":"https:\/\/jackfield.ca\/en\/product\/j10665jc\/#primaryimage"},"image":{"@id":"https:\/\/jackfield.ca\/en\/product\/j10665jc\/#primaryimage"},"thumbnailUrl":"https:\/\/jackfield.ca\/wp-content\/uploads\/2025\/11\/J10665JC-Bleu-dev-scaled.jpg","datePublished":"2025-11-10T16:09:24+00:00","dateModified":"2025-11-10T16:59:54+00:00","breadcrumb":{"@id":"https:\/\/jackfield.ca\/en\/product\/j10665jc\/#breadcrumb"},"inLanguage":"en-US","potentialAction":[{"@type":"ReadAction","target":["https:\/\/jackfield.ca\/en\/product\/j10665jc\/"]}]},{"@type":"ImageObject","inLanguage":"en-US","@id":"https:\/\/jackfield.ca\/en\/product\/j10665jc\/#primaryimage","url":"https:\/\/jackfield.ca\/wp-content\/uploads\/2025\/11\/J10665JC-Bleu-dev-scaled.jpg","contentUrl":"https:\/\/jackfield.ca\/wp-content\/uploads\/2025\/11\/J10665JC-Bleu-dev-scaled.jpg","width":2560,"height":2560},{"@type":"BreadcrumbList","@id":"https:\/\/jackfield.ca\/en\/product\/j10665jc\/#breadcrumb","itemListElement":[{"@type":"ListItem","position":1,"name":"Accueil","item":"https:\/\/jackfield.ca\/en\/"},{"@type":"ListItem","position":2,"name":"Shop","item":"https:\/\/jackfield.ca\/en\/shop\/"},{"@type":"ListItem","position":3,"name":"LONG SLEEVES POLYESTER T-SHIRT"}]},{"@type":"WebSite","@id":"https:\/\/jackfield.ca\/en\/#website","url":"https:\/\/jackfield.ca\/en\/","name":"Jackfield","description":"","potentialAction":[{"@type":"SearchAction","target":{"@type":"EntryPoint","urlTemplate":"https:\/\/jackfield.ca\/en\/?s={search_term_string}"},"query-input":{"@type":"PropertyValueSpecification","valueRequired":true,"valueName":"search_term_string"}}],"inLanguage":"en-US"}]}},"_links":{"self":[{"href":"https:\/\/jackfield.ca\/en\/wp-json\/wp\/v2\/product\/44824","targetHints":{"allow":["GET"]}}],"collection":[{"href":"https:\/\/jackfield.ca\/en\/wp-json\/wp\/v2\/product"}],"about":[{"href":"https:\/\/jackfield.ca\/en\/wp-json\/wp\/v2\/types\/product"}],"wp:featuredmedia":[{"embeddable":true,"href":"https:\/\/jackfield.ca\/en\/wp-json\/wp\/v2\/media\/44821"}],"wp:attachment":[{"href":"https:\/\/jackfield.ca\/en\/wp-json\/wp\/v2\/media?parent=44824"}],"wp:term":[{"taxonomy":"product_brand","embeddable":true,"href":"https:\/\/jackfield.ca\/en\/wp-json\/wp\/v2\/product_brand?post=44824"},{"taxonomy":"product_cat","embeddable":true,"href":"https:\/\/jackfield.ca\/en\/wp-json\/wp\/v2\/product_cat?post=44824"},{"taxonomy":"product_tag","embeddable":true,"href":"https:\/\/jackfield.ca\/en\/wp-json\/wp\/v2\/product_tag?post=44824"}],"curies":[{"name":"wp","href":"https:\/\/api.w.org\/{rel}","templated":true}]}}