{"id":37798,"date":"2023-03-30T07:51:27","date_gmt":"2023-03-30T11:51:27","guid":{"rendered":"https:\/\/jackfield.ca\/?page_id=37798"},"modified":"2023-03-30T07:55:13","modified_gmt":"2023-03-30T11:55:13","slug":"test-concours","status":"publish","type":"page","link":"https:\/\/jackfield.ca\/en\/test-concours\/","title":{"rendered":"test-concours"},"content":{"rendered":"<p><!-- Begin Mailchimp Signup Form -->\n<link href=\"\/\/cdn-images.mailchimp.com\/embedcode\/classic-071822.css\" rel=\"stylesheet\" type=\"text\/css\">\n<style type=\"text\/css\">\n\t#mc_embed_signup{background:#fff; clear:left; font:14px Helvetica,Arial,sans-serif;  width:700px;}\n\t\/* Add your own Mailchimp form style overrides in your site stylesheet or in this style block.\n\t   We recommend moving this block and the preceding CSS link to the HEAD of your HTML file. *\/\n<\/style>\n<div id=\"mc_embed_signup\">\n<form action=\"https:\/\/jackfield.us8.list-manage.com\/subscribe\/post?u=932bdbdaf654b5027d38c476b&amp;id=fdba38acdb&amp;f_id=00660be0f0\" method=\"post\" id=\"mc-embedded-subscribe-form\" name=\"mc-embedded-subscribe-form\" class=\"validate\" target=\"_self\">\n<div id=\"mc_embed_signup_scroll\">\n<h2>INSCRIVEZ-VOUS AU CONCOURS<\/h2>\n<div class=\"indicates-required\"><span class=\"asterisk\">*<\/span> indicates required<\/div>\n<div class=\"mc-field-group\">\n\t<label for=\"mce-FNAME\">Pr\u00e9nom <\/label><br \/>\n\t<input type=\"text\" value=\"\" name=\"FNAME\" class=\"\" id=\"mce-FNAME\"><br \/>\n\t<span id=\"mce-FNAME-HELPERTEXT\" class=\"helper_text\"><\/span>\n<\/div>\n<div class=\"mc-field-group\">\n\t<label for=\"mce-LNAME\">Nom <\/label><br \/>\n\t<input type=\"text\" value=\"\" name=\"LNAME\" class=\"\" id=\"mce-LNAME\"><br \/>\n\t<span id=\"mce-LNAME-HELPERTEXT\" class=\"helper_text\"><\/span>\n<\/div>\n<div class=\"mc-field-group\">\n\t<label for=\"mce-EMAIL\">Email Address  <span class=\"asterisk\">*<\/span><br \/>\n<\/label><br \/>\n\t<input type=\"email\" value=\"\" name=\"EMAIL\" class=\"required email\" id=\"mce-EMAIL\" required><br \/>\n\t<span id=\"mce-EMAIL-HELPERTEXT\" class=\"helper_text\"><\/span>\n<\/div>\n<div class=\"mc-field-group\">\n\t<label for=\"mce-MMERGE6\">Province <\/label><br \/>\n\t<select name=\"MMERGE6\" class=\"\" id=\"mce-MMERGE6\"><option value=\"\"><\/option><option value=\"Alberta\">Alberta<\/option><option value=\"Colombie-Britannique\">Colombie-Britannique<\/option><option value=\"\u00cele-du-Prince-\u00c9douard\">\u00cele-du-Prince-\u00c9douard<\/option><option value=\"Manitoba\">Manitoba<\/option><option value=\"Nouveau-Brunswick\">Nouveau-Brunswick<\/option><option value=\"Nouvelle-\u00c9cosse\">Nouvelle-\u00c9cosse<\/option><option value=\"Nunavut\">Nunavut<\/option><option value=\"Ontario\">Ontario<\/option><option value=\"Qu\u00e9bec\">Qu\u00e9bec<\/option><option value=\"Saskatchewan\">Saskatchewan<\/option><option value=\"Terre-Neuve-et-Labrador\">Terre-Neuve-et-Labrador<\/option><option value=\"Territoires du Nord-Ouest\">Territoires du Nord-Ouest<\/option><option value=\"Yukon\">Yukon<\/option><\/select><br \/>\n\t<span id=\"mce-MMERGE6-HELPERTEXT\" class=\"helper_text\"><\/span>\n<\/div>\n<div class=\"mc-field-group input-group\">\n    <strong>Infolettre <\/strong><\/p>\n<ul>\n<li>\n    <input type=\"checkbox\" value=\"1\" name=\"group[346885][1]\" id=\"mce-group[346885]-346885-0\"><br \/>\n    <label for=\"mce-group[346885]-346885-0\">Oui<\/label>\n<\/li>\n<\/ul>\n<p>    <span id=\"mce-group[346885]-HELPERTEXT\" class=\"helper_text\"><\/span>\n<\/div>\n<div id=\"mce-responses\" class=\"clear\">\n<div class=\"response\" id=\"mce-error-response\" style=\"display:none\"><\/div>\n<div class=\"response\" id=\"mce-success-response\" style=\"display:none\"><\/div>\n<\/p><\/div>\n<p>    <!-- real people should not fill this in and expect good things - do not remove this or risk form bot signups--><\/p>\n<div style=\"position: absolute; left: -5000px;\" aria-hidden=\"true\"><input type=\"text\" name=\"b_932bdbdaf654b5027d38c476b_fdba38acdb\" tabindex=\"-1\" value=\"\"><\/div>\n<div class=\"clear\"><input type=\"submit\" value=\"S'inscrire\" name=\"subscribe\" id=\"mc-embedded-subscribe\" style=\"display: inline-block;\n    vertical-align: middle;\n    margin: 0 0 1rem;\n    font-family: inherit;\n    padding: 0.85em 1em;\n    -webkit-appearance: none;\n    border: 1px solid transparent;\n    border-radius: 5px;\n    transition: background-color .25s ease-out,color .25s ease-out;\n    font-size: .9rem;\n    line-height: 1;\n    text-align: center;\n    cursor: pointer;\n    background-color: #000;\n    color: #fefefe;\"><\/div>\n<\/p><\/div>\n<\/form>\n<\/div>\n<p><!--End mc_embed_signup--><\/p>\n","protected":false},"excerpt":{"rendered":"<p>INSCRIVEZ-VOUS AU CONCOURS * indicates required Pr\u00e9nom Nom Email Address * Province AlbertaColombie-Britannique\u00cele-du-Prince-\u00c9douardManitobaNouveau-BrunswickNouvelle-\u00c9cosseNunavutOntarioQu\u00e9becSaskatchewanTerre-Neuve-et-LabradorTerritoires du Nord-OuestYukon Infolettre Oui<\/p>\n","protected":false},"author":6907,"featured_media":0,"parent":0,"menu_order":0,"comment_status":"closed","ping_status":"closed","template":"","meta":{"_acf_changed":false,"footnotes":""},"class_list":["post-37798","page","type-page","status-publish","hentry"],"acf":[],"yoast_head":"<!-- This site is optimized with the Yoast SEO plugin v27.2 - https:\/\/yoast.com\/product\/yoast-seo-wordpress\/ -->\n<title>test-concours - Jackfield<\/title>\n<meta name=\"robots\" content=\"index, follow, max-snippet:-1, max-image-preview:large, max-video-preview:-1\" \/>\n<link rel=\"canonical\" href=\"https:\/\/jackfield.ca\/en\/test-concours\/\" \/>\n<meta property=\"og:locale\" content=\"en_US\" \/>\n<meta property=\"og:type\" content=\"article\" \/>\n<meta property=\"og:title\" content=\"test-concours - Jackfield\" \/>\n<meta property=\"og:description\" content=\"INSCRIVEZ-VOUS AU CONCOURS * indicates required Pr\u00e9nom Nom Email Address * Province AlbertaColombie-Britannique\u00cele-du-Prince-\u00c9douardManitobaNouveau-BrunswickNouvelle-\u00c9cosseNunavutOntarioQu\u00e9becSaskatchewanTerre-Neuve-et-LabradorTerritoires du Nord-OuestYukon Infolettre Oui\" \/>\n<meta property=\"og:url\" content=\"https:\/\/jackfield.ca\/en\/test-concours\/\" \/>\n<meta property=\"og:site_name\" content=\"Jackfield\" \/>\n<meta property=\"article:modified_time\" content=\"2023-03-30T11:55:13+00:00\" \/>\n<meta name=\"twitter:card\" content=\"summary_large_image\" \/>\n<meta name=\"twitter:label1\" content=\"Est. reading time\" \/>\n\t<meta name=\"twitter:data1\" content=\"1 minute\" \/>\n<script type=\"application\/ld+json\" class=\"yoast-schema-graph\">{\"@context\":\"https:\/\/schema.org\",\"@graph\":[{\"@type\":\"WebPage\",\"@id\":\"https:\/\/jackfield.ca\/en\/test-concours\/\",\"url\":\"https:\/\/jackfield.ca\/en\/test-concours\/\",\"name\":\"test-concours - Jackfield\",\"isPartOf\":{\"@id\":\"https:\/\/jackfield.ca\/en\/#website\"},\"datePublished\":\"2023-03-30T11:51:27+00:00\",\"dateModified\":\"2023-03-30T11:55:13+00:00\",\"breadcrumb\":{\"@id\":\"https:\/\/jackfield.ca\/en\/test-concours\/#breadcrumb\"},\"inLanguage\":\"en-US\",\"potentialAction\":[{\"@type\":\"ReadAction\",\"target\":[\"https:\/\/jackfield.ca\/en\/test-concours\/\"]}]},{\"@type\":\"BreadcrumbList\",\"@id\":\"https:\/\/jackfield.ca\/en\/test-concours\/#breadcrumb\",\"itemListElement\":[{\"@type\":\"ListItem\",\"position\":1,\"name\":\"Accueil\",\"item\":\"https:\/\/jackfield.ca\/en\/\"},{\"@type\":\"ListItem\",\"position\":2,\"name\":\"test-concours\"}]},{\"@type\":\"WebSite\",\"@id\":\"https:\/\/jackfield.ca\/en\/#website\",\"url\":\"https:\/\/jackfield.ca\/en\/\",\"name\":\"Jackfield\",\"description\":\"\",\"potentialAction\":[{\"@type\":\"SearchAction\",\"target\":{\"@type\":\"EntryPoint\",\"urlTemplate\":\"https:\/\/jackfield.ca\/en\/?s={search_term_string}\"},\"query-input\":{\"@type\":\"PropertyValueSpecification\",\"valueRequired\":true,\"valueName\":\"search_term_string\"}}],\"inLanguage\":\"en-US\"}]}<\/script>\n<!-- \/ Yoast SEO plugin. -->","yoast_head_json":{"title":"test-concours - Jackfield","robots":{"index":"index","follow":"follow","max-snippet":"max-snippet:-1","max-image-preview":"max-image-preview:large","max-video-preview":"max-video-preview:-1"},"canonical":"https:\/\/jackfield.ca\/en\/test-concours\/","og_locale":"en_US","og_type":"article","og_title":"test-concours - Jackfield","og_description":"INSCRIVEZ-VOUS AU CONCOURS * indicates required Pr\u00e9nom Nom Email Address * Province AlbertaColombie-Britannique\u00cele-du-Prince-\u00c9douardManitobaNouveau-BrunswickNouvelle-\u00c9cosseNunavutOntarioQu\u00e9becSaskatchewanTerre-Neuve-et-LabradorTerritoires du Nord-OuestYukon Infolettre Oui","og_url":"https:\/\/jackfield.ca\/en\/test-concours\/","og_site_name":"Jackfield","article_modified_time":"2023-03-30T11:55:13+00:00","twitter_card":"summary_large_image","twitter_misc":{"Est. reading time":"1 minute"},"schema":{"@context":"https:\/\/schema.org","@graph":[{"@type":"WebPage","@id":"https:\/\/jackfield.ca\/en\/test-concours\/","url":"https:\/\/jackfield.ca\/en\/test-concours\/","name":"test-concours - Jackfield","isPartOf":{"@id":"https:\/\/jackfield.ca\/en\/#website"},"datePublished":"2023-03-30T11:51:27+00:00","dateModified":"2023-03-30T11:55:13+00:00","breadcrumb":{"@id":"https:\/\/jackfield.ca\/en\/test-concours\/#breadcrumb"},"inLanguage":"en-US","potentialAction":[{"@type":"ReadAction","target":["https:\/\/jackfield.ca\/en\/test-concours\/"]}]},{"@type":"BreadcrumbList","@id":"https:\/\/jackfield.ca\/en\/test-concours\/#breadcrumb","itemListElement":[{"@type":"ListItem","position":1,"name":"Accueil","item":"https:\/\/jackfield.ca\/en\/"},{"@type":"ListItem","position":2,"name":"test-concours"}]},{"@type":"WebSite","@id":"https:\/\/jackfield.ca\/en\/#website","url":"https:\/\/jackfield.ca\/en\/","name":"Jackfield","description":"","potentialAction":[{"@type":"SearchAction","target":{"@type":"EntryPoint","urlTemplate":"https:\/\/jackfield.ca\/en\/?s={search_term_string}"},"query-input":{"@type":"PropertyValueSpecification","valueRequired":true,"valueName":"search_term_string"}}],"inLanguage":"en-US"}]}},"_links":{"self":[{"href":"https:\/\/jackfield.ca\/en\/wp-json\/wp\/v2\/pages\/37798","targetHints":{"allow":["GET"]}}],"collection":[{"href":"https:\/\/jackfield.ca\/en\/wp-json\/wp\/v2\/pages"}],"about":[{"href":"https:\/\/jackfield.ca\/en\/wp-json\/wp\/v2\/types\/page"}],"author":[{"embeddable":true,"href":"https:\/\/jackfield.ca\/en\/wp-json\/wp\/v2\/users\/6907"}],"replies":[{"embeddable":true,"href":"https:\/\/jackfield.ca\/en\/wp-json\/wp\/v2\/comments?post=37798"}],"version-history":[{"count":6,"href":"https:\/\/jackfield.ca\/en\/wp-json\/wp\/v2\/pages\/37798\/revisions"}],"predecessor-version":[{"id":37804,"href":"https:\/\/jackfield.ca\/en\/wp-json\/wp\/v2\/pages\/37798\/revisions\/37804"}],"wp:attachment":[{"href":"https:\/\/jackfield.ca\/en\/wp-json\/wp\/v2\/media?parent=37798"}],"curies":[{"name":"wp","href":"https:\/\/api.w.org\/{rel}","templated":true}]}}